{"id":21154,"date":"2024-10-28T15:54:54","date_gmt":"2024-10-28T14:54:54","guid":{"rendered":"https:\/\/ouenze.com\/?page_id=21154"},"modified":"2024-10-28T15:56:11","modified_gmt":"2024-10-28T14:56:11","slug":"contrat-de-vente","status":"publish","type":"page","link":"https:\/\/ouenze.com\/fr\/contrat-de-vente\/","title":{"rendered":"Accords de vente"},"content":{"rendered":"<div data-elementor-type=\"wp-page\" data-elementor-id=\"21154\" class=\"elementor elementor-21154\">\n\t\t\t\t\t\t<section class=\"elementor-section elementor-top-section elementor-element elementor-element-5a38c49a elementor-section-boxed elementor-section-height-default elementor-section-height-default motta-responsive-column motta-tablet-column--default motta-responsive-column motta-mobile-column--default\" data-id=\"5a38c49a\" data-element_type=\"section\" data-e-type=\"section\">\n\t\t\t\t\t\t<div class=\"elementor-container elementor-column-gap-default\">\n\t\t\t\t\t<div class=\"elementor-column elementor-col-33 elementor-top-column elementor-element elementor-element-39d45e3\" data-id=\"39d45e3\" data-element_type=\"column\" data-e-type=\"column\">\n\t\t\t<div class=\"elementor-widget-wrap\">\n\t\t\t\t\t\t\t<\/div>\n\t\t<\/div>\n\t\t\t\t<div class=\"elementor-column elementor-col-33 elementor-top-column elementor-element elementor-element-112ef9ed\" data-id=\"112ef9ed\" data-element_type=\"column\" data-e-type=\"column\">\n\t\t\t<div class=\"elementor-widget-wrap elementor-element-populated\">\n\t\t\t\t\t\t<div class=\"elementor-element elementor-element-ad53719 elementor-widget elementor-widget-text-editor\" data-id=\"ad53719\" data-element_type=\"widget\" data-e-type=\"widget\" data-widget_type=\"text-editor.default\">\n\t\t\t\t<div class=\"elementor-widget-container\">\n\t\t\t\t\t\t\t\t\t<p class=\"MsoNormal\"><b><span style=\"font-family:&quot;Fira Sans&quot;,sans-serif\">Derni\u00e8re\nMise \u00e0 jour : 27 octobre 2024 <\/span><\/b><span style=\"font-family:&quot;Fira Sans&quot;,sans-serif\"><o:p><\/o:p><\/span><\/p><p class=\"MsoNormal\"><span style=\"font-family:&quot;Fira Sans&quot;,sans-serif\">Bienvenue sur le site de\nOUENZE.COM ! En vous inscrivant en tant que vendeur sur notre plateforme, vous acceptez de vous conformer\n\u00e0 respecter les conditions g\u00e9n\u00e9rales suivantes, d\u00e9crites dans le pr\u00e9sent contrat de vente.\nVeuillez les lire attentivement avant d'utiliser nos services.<o:p><\/o:p><\/span><\/p><p class=\"MsoNormal\"><b><span style=\"font-family:&quot;Fira Sans&quot;,sans-serif\">1.\nAcceptation des conditions<o:p><\/o:p><\/span><\/b><\/p><p class=\"MsoNormal\"><span style=\"font-family:&quot;Fira Sans&quot;,sans-serif\">En cr\u00e9ant\nEn cr\u00e9ant un compte vendeur sur OUENZE.COM, vous acceptez d'adh\u00e9rer \u00e0 tous les termes et conditions\ndu pr\u00e9sent contrat de vente et de toute autre politique suppl\u00e9mentaire fournie par OUENZE.COM.<o:p><\/o:p><\/span><\/p><p class=\"MsoNormal\"><b><span style=\"font-family:&quot;Fira Sans&quot;,sans-serif\">2.\nL'\u00e9ligibilit\u00e9<o:p><\/o:p><\/span><\/b><\/p><p class=\"MsoNormal\"><span style=\"font-family:&quot;Fira Sans&quot;,sans-serif\">Pour devenir\nvendeur, vous devez \u00eatre \u00e2g\u00e9 d'au moins 18 ans et poss\u00e9der l'autorit\u00e9 l\u00e9gale pour\nconclure le pr\u00e9sent accord. En vous inscrivant, vous d\u00e9clarez que vous remplissez ces conditions.\nexigences.<o:p><\/o:p><\/span><\/p><p class=\"MsoNormal\"><b><span style=\"font-family:&quot;Fira Sans&quot;,sans-serif\">3.\nEnregistrement du compte<o:p><\/o:p><\/span><\/b><\/p><ul style=\"margin-top:0cm\" type=\"disc\">\n <li class=\"MsoNormal\"><span style=\"font-family:&quot;Fira Sans&quot;,sans-serif\">Les vendeurs doivent fournir des informations\n     et compl\u00e8tes au cours de la proc\u00e9dure d'enregistrement.<o:p><\/o:p><\/span><\/li>\n <li class=\"MsoNormal\"><span style=\"font-family:&quot;Fira Sans&quot;,sans-serif\">Il vous incombe\n     de la confidentialit\u00e9 des informations d'identification de votre compte et de toutes les\n     activit\u00e9s qui se d\u00e9roulent sous votre compte.<o:p><\/o:p><\/span><\/li>\n <li class=\"MsoNormal\"><span style=\"font-family:&quot;Fira Sans&quot;,sans-serif\">OUENZE.COM se r\u00e9serve le droit\n     de suspendre ou de r\u00e9silier votre compte si l'une des informations fournies s'av\u00e8re\n     s'av\u00e8rent fausses ou trompeuses.<o:p><\/o:p><\/span><\/li>\n<\/ul><p class=\"MsoNormal\"><b><span style=\"font-family:&quot;Fira Sans&quot;,sans-serif\">4.\nListes de produits<o:p><\/o:p><\/span><\/b><\/p><ul style=\"margin-top:0cm\" type=\"disc\">\n <li class=\"MsoNormal\"><span style=\"font-family:&quot;Fira Sans&quot;,sans-serif\">Vous vous engagez \u00e0 ne r\u00e9pertorier que des produits\n     qui sont conformes aux lois et r\u00e9glementations applicables.<o:p><\/o:p><\/span><\/li>\n <li class=\"MsoNormal\"><span style=\"font-family:&quot;Fira Sans&quot;,sans-serif\">Toutes les descriptions de produits,\n     Les images et les prix doivent \u00eatre exacts et ne pas induire en erreur.<o:p><\/o:p><\/span><\/li>\n <li class=\"MsoNormal\"><span style=\"font-family:&quot;Fira Sans&quot;,sans-serif\">OUENZE.COM se r\u00e9serve le droit\n     d'examiner, d'\u00e9diter ou de supprimer toute liste de produits \u00e0 sa discr\u00e9tion.<o:p><\/o:p><\/span><\/li>\n<\/ul><p class=\"MsoNormal\"><b><span style=\"font-family:&quot;Fira Sans&quot;,sans-serif\">5. Frais\net paiements<o:p><\/o:p><\/span><\/b><\/p><ul style=\"margin-top:0cm\" type=\"disc\">\n <li class=\"MsoNormal\"><span style=\"font-family:&quot;Fira Sans&quot;,sans-serif\">OUENZE.COM pr\u00e9l\u00e8ve une commission\n     de <b>10% \u00e0 20%<\/b> sur chaque vente, en fonction de la cat\u00e9gorie de produits.<o:p><\/o:p><\/span><\/li>\n <li class=\"MsoNormal\"><span style=\"font-family:&quot;Fira Sans&quot;,sans-serif\">Le paiement des ventes sera\n     Le paiement des ventes sera effectu\u00e9 par le biais du mode de paiement que vous avez s\u00e9lectionn\u00e9 apr\u00e8s que l'acheteur a re\u00e7u le produit.\n     le produit.<o:p><\/o:p><\/span><\/li>\n <li class=\"MsoNormal\"><span style=\"font-family:&quot;Fira Sans&quot;,sans-serif\">Les frais d'exp\u00e9dition seront\n     d\u00e9termin\u00e9s au moment du paiement et peuvent varier en fonction du produit et du lieu de livraison.\n     de livraison.<o:p><\/o:p><\/span><\/li>\n<\/ul><p class=\"MsoNormal\"><b><span style=\"font-family:&quot;Fira Sans&quot;,sans-serif\">6.\nExp\u00e9dition et livraison<o:p><\/o:p><\/span><\/b><\/p><ul style=\"margin-top:0cm\" type=\"disc\">\n <li class=\"MsoNormal\"><span style=\"font-family:&quot;Fira Sans&quot;,sans-serif\">OUENZE.COM se chargera de tous les\n     l'exp\u00e9dition et la livraison des produits vendus sur la plateforme.<o:p><\/o:p><\/span><\/li>\n <li class=\"MsoNormal\"><span style=\"font-family:&quot;Fira Sans&quot;,sans-serif\">Les vendeurs doivent s'assurer que\n     que les produits sont pr\u00eats \u00e0 \u00eatre exp\u00e9di\u00e9s d\u00e8s qu'une vente est conclue.<o:p><\/o:p><\/span><\/li>\n <li class=\"MsoNormal\"><span style=\"font-family:&quot;Fira Sans&quot;,sans-serif\">Nous proposons diff\u00e9rentes options d'exp\u00e9dition\n     standard et le jour m\u00eame, en fonction de la situation g\u00e9ographique de l'acheteur.\n     de l'acheteur.<o:p><\/o:p><\/span><\/li>\n <li class=\"MsoNormal\"><span style=\"font-family:&quot;Fira Sans&quot;,sans-serif\">Il incombe au vendeur\n     Il incombe au vendeur d'emballer les articles de mani\u00e8re s\u00fbre afin d'\u00e9viter tout dommage pendant le transport.<o:p><\/o:p><\/span><\/li>\n<\/ul><p class=\"MsoNormal\"><b><span style=\"font-family:&quot;Fira Sans&quot;,sans-serif\">7.\nRetours et remboursements<o:p><\/o:p><\/span><\/b><\/p><ul style=\"margin-top:0cm\" type=\"disc\">\n <li class=\"MsoNormal\"><span style=\"font-family:&quot;Fira Sans&quot;,sans-serif\">OUENZE.COM a mis en place une politique de retour et de\n     de retour et de remboursement. Les vendeurs sont tenus de se conformer \u00e0 cette politique\n     pour le traitement des retours et des remboursements de leurs produits.<o:p><\/o:p><\/span><\/li>\n <li class=\"MsoNormal\"><span style=\"font-family:&quot;Fira Sans&quot;,sans-serif\">En cas de retour,\n     les vendeurs peuvent \u00eatre tenus de couvrir les frais de retour,\n     en fonction de la raison du retour.<o:p><\/o:p><\/span><\/li>\n<\/ul><p class=\"MsoNormal\"><b><span style=\"font-family:&quot;Fira Sans&quot;,sans-serif\">8.\nPropri\u00e9t\u00e9 intellectuelle<o:p><\/o:p><\/span><\/b><\/p><ul style=\"margin-top:0cm\" type=\"disc\">\n <li class=\"MsoNormal\"><span style=\"font-family:&quot;Fira Sans&quot;,sans-serif\">En listant des produits sur\n     OUENZE.COM, vous confirmez que vous poss\u00e9dez ou que vous avez les droits n\u00e9cessaires pour utiliser\n     tout le contenu associ\u00e9 \u00e0 vos annonces, y compris les images, les descriptions,\n     et les marques d\u00e9pos\u00e9es.<o:p><\/o:p><\/span><\/li>\n <li class=\"MsoNormal\"><span style=\"font-family:&quot;Fira Sans&quot;,sans-serif\">Vous accordez \u00e0 OUENZE.COM\n     une licence non exclusive, mondiale et libre de droits pour utiliser, afficher et\n     d'utiliser, d'afficher et de distribuer vos listes de produits sur notre plateforme.<o:p><\/o:p><\/span><\/li>\n<\/ul><p class=\"MsoNormal\"><b><span style=\"font-family:&quot;Fira Sans&quot;,sans-serif\">9.\nLimitation de la responsabilit\u00e9<o:p><\/o:p><\/span><\/b><\/p><p class=\"MsoNormal\"><span style=\"font-family:&quot;Fira Sans&quot;,sans-serif\">OUENZE.COM\nne sera pas responsable des dommages indirects, accidentels ou cons\u00e9cutifs \u00e0 votre utilisation de la plateforme ou de vos produits.\nr\u00e9sultant de l'utilisation de la plateforme ou de vos produits. Les vendeurs s'engagent \u00e0\nd'indemniser et de d\u00e9gager OUENZE.COM de toute responsabilit\u00e9 en cas de\nlistes.<o:p><\/o:p><\/span><\/p><p class=\"MsoNormal\"><b><span style=\"font-family:&quot;Fira Sans&quot;,sans-serif\">10.\nAmendements<o:p><\/o:p><\/span><\/b><\/p><p class=\"MsoNormal\"><span style=\"font-family:&quot;Fira Sans&quot;,sans-serif\">OUENZE.COM\nse r\u00e9serve le droit de modifier ce contrat de vente \u00e0 tout moment. L'utilisation continue\nde la plateforme constitue une acceptation de toute modification apport\u00e9e.<o:p><\/o:p><\/span><\/p><p class=\"MsoNormal\"><b><span style=\"font-family:&quot;Fira Sans&quot;,sans-serif\">11.\nDroit applicable<o:p><\/o:p><\/span><\/b><\/p><p class=\"MsoNormal\"><span style=\"font-family:&quot;Fira Sans&quot;,sans-serif\">Le pr\u00e9sent contrat de vente est r\u00e9gi et interpr\u00e9t\u00e9 conform\u00e9ment aux lois de l'Union europ\u00e9enne.\nest r\u00e9gi et interpr\u00e9t\u00e9 conform\u00e9ment aux lois de la R\u00e9publique d\u00e9mocratique du Congo.\nR\u00e9publique d\u00e9mocratique du Congo.<o:p><\/o:p><\/span><\/p><div class=\"MsoNormal\" align=\"center\" style=\"text-align:center\"><span style=\"font-family:&quot;Fira Sans&quot;,sans-serif\">\n\n<hr size=\"2\" width=\"100%\" align=\"center\">\n\n<\/span><\/div><p class=\"MsoNormal\"><b><span style=\"font-family:&quot;Fira Sans&quot;,sans-serif\">En\nEn cliquant sur \"Accepter\" ou en vous inscrivant en tant que vendeur, vous reconnaissez que vous avez lu, compris et accept\u00e9 d'\u00eatre li\u00e9 par le pr\u00e9sent contrat de vente.\nlu, compris et accept\u00e9 d'\u00eatre li\u00e9 par le pr\u00e9sent contrat de vente.<\/span><\/b><span style=\"font-family:&quot;Fira Sans&quot;,sans-serif\"><o:p><\/o:p><\/span><\/p><p>\n\n\n\n\n\n\n\n\n\n\n\n\n\n\n\n\n\n\n\n\n\n\n\n\n\n\n\n\n\n\n\n\n\n\n\n\n\n\n\n\n\n\n\n\n\n\n\n\n\n\n\n<\/p><p class=\"MsoNormal\"><o:p>&nbsp;<\/o:p><\/p>\n<p><\/p>\t\t\t\t\t\t\t\t<\/div>\n\t\t\t\t<\/div>\n\t\t\t\t\t<\/div>\n\t\t<\/div>\n\t\t\t\t<div class=\"elementor-column elementor-col-33 elementor-top-column elementor-element elementor-element-5b5327c4\" data-id=\"5b5327c4\" data-element_type=\"column\" data-e-type=\"column\">\n\t\t\t<div class=\"elementor-widget-wrap\">\n\t\t\t\t\t\t\t<\/div>\n\t\t<\/div>\n\t\t\t\t\t<\/div>\n\t\t<\/section>\n\t\t\t\t<\/div>","protected":false},"excerpt":{"rendered":"<p>Last Updated: 27 October 2024 Welcome to OUENZE.COM! By registering as a seller on our platform, you agree to comply with the following terms and conditions outlined in this Seller Agreement. Please read them carefully before using our services. 1. Acceptance of Terms By creating a seller account on OUENZE.COM, you agree to adhere to [&hellip;]<\/p>\n","protected":false},"author":2,"featured_media":0,"parent":0,"menu_order":0,"comment_status":"closed","ping_status":"closed","template":"","meta":{"footnotes":""},"class_list":["post-21154","page","type-page","status-publish","hentry"],"yoast_head":"<!-- This site is optimized with the Yoast SEO plugin v27.4 - https:\/\/yoast.com\/product\/yoast-seo-wordpress\/ -->\n<title>Seller Agreement - Ouenz\u00e9 Marketplace<\/title>\n<meta name=\"robots\" content=\"index, follow, max-snippet:-1, max-image-preview:large, max-video-preview:-1\" \/>\n<link rel=\"canonical\" href=\"https:\/\/ouenze.com\/fr\/contrat-de-vente\/\" \/>\n<meta property=\"og:locale\" content=\"fr_FR\" \/>\n<meta property=\"og:type\" content=\"article\" \/>\n<meta property=\"og:title\" content=\"Seller Agreement - Ouenz\u00e9 Marketplace\" \/>\n<meta property=\"og:description\" content=\"Last Updated: 27 October 2024 Welcome to OUENZE.COM! By registering as a seller on our platform, you agree to comply with the following terms and conditions outlined in this Seller Agreement. Please read them carefully before using our services. 1. Acceptance of Terms By creating a seller account on OUENZE.COM, you agree to adhere to [&hellip;]\" \/>\n<meta property=\"og:url\" content=\"https:\/\/ouenze.com\/fr\/contrat-de-vente\/\" \/>\n<meta property=\"og:site_name\" content=\"Ouenz\u00e9 Marketplace\" \/>\n<meta property=\"article:publisher\" content=\"https:\/\/web.facebook.com\/ouenze.marketplace\/\" \/>\n<meta property=\"article:modified_time\" content=\"2024-10-28T14:56:11+00:00\" \/>\n<meta property=\"og:image\" content=\"https:\/\/ouenze.com\/wp-content\/uploads\/2024\/11\/ouenze-marketplace-1.jpg\" \/>\n\t<meta property=\"og:image:width\" content=\"1200\" \/>\n\t<meta property=\"og:image:height\" content=\"675\" \/>\n\t<meta property=\"og:image:type\" content=\"image\/jpeg\" \/>\n<meta name=\"twitter:card\" content=\"summary_large_image\" \/>\n<meta name=\"twitter:site\" content=\"@Ouenze_online\" \/>\n<meta name=\"twitter:label1\" content=\"Dur\u00e9e de lecture estim\u00e9e\" \/>\n\t<meta name=\"twitter:data1\" content=\"3 minutes\" \/>\n<script type=\"application\/ld+json\" class=\"yoast-schema-graph\">{\"@context\":\"https:\\\/\\\/schema.org\",\"@graph\":[{\"@type\":\"WebPage\",\"@id\":\"https:\\\/\\\/ouenze.com\\\/en\\\/seller-agreement\\\/\",\"url\":\"https:\\\/\\\/ouenze.com\\\/en\\\/seller-agreement\\\/\",\"name\":\"Seller Agreement - Ouenz\u00e9 Marketplace\",\"isPartOf\":{\"@id\":\"https:\\\/\\\/ouenze.com\\\/#website\"},\"datePublished\":\"2024-10-28T14:54:54+00:00\",\"dateModified\":\"2024-10-28T14:56:11+00:00\",\"breadcrumb\":{\"@id\":\"https:\\\/\\\/ouenze.com\\\/en\\\/seller-agreement\\\/#breadcrumb\"},\"inLanguage\":\"fr-FR\",\"potentialAction\":[{\"@type\":\"ReadAction\",\"target\":[\"https:\\\/\\\/ouenze.com\\\/en\\\/seller-agreement\\\/\"]}]},{\"@type\":\"BreadcrumbList\",\"@id\":\"https:\\\/\\\/ouenze.com\\\/en\\\/seller-agreement\\\/#breadcrumb\",\"itemListElement\":[{\"@type\":\"ListItem\",\"position\":1,\"name\":\"Home\",\"item\":\"https:\\\/\\\/ouenze.com\\\/\"},{\"@type\":\"ListItem\",\"position\":2,\"name\":\"Seller Agreement\"}]},{\"@type\":\"WebSite\",\"@id\":\"https:\\\/\\\/ouenze.com\\\/#website\",\"url\":\"https:\\\/\\\/ouenze.com\\\/\",\"name\":\"Ouenz\u00e9\",\"description\":\"Your Trusted E-commerce Marketplace in Congo &amp; Africa\",\"publisher\":{\"@id\":\"https:\\\/\\\/ouenze.com\\\/#organization\"},\"alternateName\":\"The Marketplace for you\",\"potentialAction\":[{\"@type\":\"SearchAction\",\"target\":{\"@type\":\"EntryPoint\",\"urlTemplate\":\"https:\\\/\\\/ouenze.com\\\/?s={search_term_string}\"},\"query-input\":{\"@type\":\"PropertyValueSpecification\",\"valueRequired\":true,\"valueName\":\"search_term_string\"}}],\"inLanguage\":\"fr-FR\"},{\"@type\":\"Organization\",\"@id\":\"https:\\\/\\\/ouenze.com\\\/#organization\",\"name\":\"Ouenz\u00e9 Marketplace\",\"alternateName\":\"Wenge\",\"url\":\"https:\\\/\\\/ouenze.com\\\/\",\"logo\":{\"@type\":\"ImageObject\",\"inLanguage\":\"fr-FR\",\"@id\":\"https:\\\/\\\/ouenze.com\\\/#\\\/schema\\\/logo\\\/image\\\/\",\"url\":\"https:\\\/\\\/ouenze.com\\\/wp-content\\\/uploads\\\/2024\\\/10\\\/icon-ouenze.png\",\"contentUrl\":\"https:\\\/\\\/ouenze.com\\\/wp-content\\\/uploads\\\/2024\\\/10\\\/icon-ouenze.png\",\"width\":512,\"height\":512,\"caption\":\"Ouenz\u00e9 Marketplace\"},\"image\":{\"@id\":\"https:\\\/\\\/ouenze.com\\\/#\\\/schema\\\/logo\\\/image\\\/\"},\"sameAs\":[\"https:\\\/\\\/web.facebook.com\\\/ouenze.marketplace\\\/\",\"https:\\\/\\\/x.com\\\/Ouenze_online\",\"https:\\\/\\\/www.instagram.com\\\/ouenze.cd\\\/\"]}]}<\/script>\n<!-- \/ Yoast SEO plugin. -->","yoast_head_json":{"title":"Seller Agreement - Ouenz\u00e9 Marketplace","robots":{"index":"index","follow":"follow","max-snippet":"max-snippet:-1","max-image-preview":"max-image-preview:large","max-video-preview":"max-video-preview:-1"},"canonical":"https:\/\/ouenze.com\/fr\/contrat-de-vente\/","og_locale":"fr_FR","og_type":"article","og_title":"Seller Agreement - Ouenz\u00e9 Marketplace","og_description":"Last Updated: 27 October 2024 Welcome to OUENZE.COM! By registering as a seller on our platform, you agree to comply with the following terms and conditions outlined in this Seller Agreement. Please read them carefully before using our services. 1. Acceptance of Terms By creating a seller account on OUENZE.COM, you agree to adhere to [&hellip;]","og_url":"https:\/\/ouenze.com\/fr\/contrat-de-vente\/","og_site_name":"Ouenz\u00e9 Marketplace","article_publisher":"https:\/\/web.facebook.com\/ouenze.marketplace\/","article_modified_time":"2024-10-28T14:56:11+00:00","og_image":[{"width":1200,"height":675,"url":"https:\/\/ouenze.com\/wp-content\/uploads\/2024\/11\/ouenze-marketplace-1.jpg","type":"image\/jpeg"}],"twitter_card":"summary_large_image","twitter_site":"@Ouenze_online","twitter_misc":{"Dur\u00e9e de lecture estim\u00e9e":"3 minutes"},"schema":{"@context":"https:\/\/schema.org","@graph":[{"@type":"WebPage","@id":"https:\/\/ouenze.com\/en\/seller-agreement\/","url":"https:\/\/ouenze.com\/en\/seller-agreement\/","name":"Seller Agreement - Ouenz\u00e9 Marketplace","isPartOf":{"@id":"https:\/\/ouenze.com\/#website"},"datePublished":"2024-10-28T14:54:54+00:00","dateModified":"2024-10-28T14:56:11+00:00","breadcrumb":{"@id":"https:\/\/ouenze.com\/en\/seller-agreement\/#breadcrumb"},"inLanguage":"fr-FR","potentialAction":[{"@type":"ReadAction","target":["https:\/\/ouenze.com\/en\/seller-agreement\/"]}]},{"@type":"BreadcrumbList","@id":"https:\/\/ouenze.com\/en\/seller-agreement\/#breadcrumb","itemListElement":[{"@type":"ListItem","position":1,"name":"Home","item":"https:\/\/ouenze.com\/"},{"@type":"ListItem","position":2,"name":"Seller Agreement"}]},{"@type":"WebSite","@id":"https:\/\/ouenze.com\/#website","url":"https:\/\/ouenze.com\/","name":"Ouenz\u00e9","description":"Your Trusted E-commerce Marketplace in Congo &amp; Africa","publisher":{"@id":"https:\/\/ouenze.com\/#organization"},"alternateName":"The Marketplace for you","potentialAction":[{"@type":"SearchAction","target":{"@type":"EntryPoint","urlTemplate":"https:\/\/ouenze.com\/?s={search_term_string}"},"query-input":{"@type":"PropertyValueSpecification","valueRequired":true,"valueName":"search_term_string"}}],"inLanguage":"fr-FR"},{"@type":"Organization","@id":"https:\/\/ouenze.com\/#organization","name":"March\u00e9 de Ouenz\u00e9","alternateName":"Wenge","url":"https:\/\/ouenze.com\/","logo":{"@type":"ImageObject","inLanguage":"fr-FR","@id":"https:\/\/ouenze.com\/#\/schema\/logo\/image\/","url":"https:\/\/ouenze.com\/wp-content\/uploads\/2024\/10\/icon-ouenze.png","contentUrl":"https:\/\/ouenze.com\/wp-content\/uploads\/2024\/10\/icon-ouenze.png","width":512,"height":512,"caption":"Ouenz\u00e9 Marketplace"},"image":{"@id":"https:\/\/ouenze.com\/#\/schema\/logo\/image\/"},"sameAs":["https:\/\/web.facebook.com\/ouenze.marketplace\/","https:\/\/x.com\/Ouenze_online","https:\/\/www.instagram.com\/ouenze.cd\/"]}]}},"jetpack_sharing_enabled":true,"_links":{"self":[{"href":"https:\/\/ouenze.com\/fr\/wp-json\/wp\/v2\/pages\/21154","targetHints":{"allow":["GET"]}}],"collection":[{"href":"https:\/\/ouenze.com\/fr\/wp-json\/wp\/v2\/pages"}],"about":[{"href":"https:\/\/ouenze.com\/fr\/wp-json\/wp\/v2\/types\/page"}],"author":[{"embeddable":true,"href":"https:\/\/ouenze.com\/fr\/wp-json\/wp\/v2\/users\/2"}],"replies":[{"embeddable":true,"href":"https:\/\/ouenze.com\/fr\/wp-json\/wp\/v2\/comments?post=21154"}],"version-history":[{"count":4,"href":"https:\/\/ouenze.com\/fr\/wp-json\/wp\/v2\/pages\/21154\/revisions"}],"predecessor-version":[{"id":21158,"href":"https:\/\/ouenze.com\/fr\/wp-json\/wp\/v2\/pages\/21154\/revisions\/21158"}],"wp:attachment":[{"href":"https:\/\/ouenze.com\/fr\/wp-json\/wp\/v2\/media?parent=21154"}],"curies":[{"name":"wp","href":"https:\/\/api.w.org\/{rel}","templated":true}]}}